{"id":161,"date":"2016-04-09T14:19:36","date_gmt":"2016-04-09T12:19:36","guid":{"rendered":"http:\/\/neueseite.goldschmiede-lompe.de\/?page_id=161"},"modified":"2021-06-19T11:41:59","modified_gmt":"2021-06-19T09:41:59","slug":"trauringe-verlobung","status":"publish","type":"page","link":"http:\/\/goldschmiede-lompe.de\/index.php\/trauringe-verlobung\/","title":{"rendered":"Antrags- &#038; Trauringe"},"content":{"rendered":"<p>Der sch\u00f6nste Moment im Leben eines jeden Paares ist zweifelsfrei die Hochzeit und gleichzeitig der Beginn ihres gemeinsamen Lebens. Ein Versprechen f\u00fcr die Zukunft, das seinen perfekten Ausdruck durch&nbsp;Eheringe&nbsp;findet. Der Trauring ist das \u00e4u\u00dfere Zeichen des Lebensbundes. Die Auswahl der richtigen Trauringe ist eine h\u00f6chst pers\u00f6nliche Angelegenheit. Einmal ausgesucht sollen die Ringe das Paar ein Leben lang begleiten. Eine individuelle Gravur ist dabei m\u00f6glich.<\/p>\n<p>Das Team der Goldschmiede Lompe begr\u00fc\u00dft Sie in der Langen Stra\u00dfe 12 in S\u00f6mmerda und ber\u00e4t Sie gerne mit viel Kompetenz und Fachkenntnis bei der Wahl der richtigen Trau(m)ringe. Durch eine vorherige Terminabsprache k\u00f6nnen wir eine umfassende und individuelle Beratung garantieren.<\/p>\n<p>Wir bieten Ihnen Eheringe von ausgew\u00e4hlten traditionellen Manufakturen der Firmen&nbsp;&nbsp;<\/p>\n<table>\n<tbody>\n<tr>\n<td><a href=\"http:\/\/www.collection-ruesch.at\/\" target=\"_blank\" rel=\"noopener noreferrer\"><img loading=\"lazy\" decoding=\"async\" class=\"wp-image-2556 size-full aligncenter\" src=\"http:\/\/goldschmiede-lompe.de\/wp-content\/uploads\/2016\/04\/ruesch_logo.png\" width=\"227\" height=\"76\"><\/a><\/td>\n<td><a href=\"http:\/\/rauschmayer.com\/\" target=\"_blank\" rel=\"noopener noreferrer\"><img loading=\"lazy\" decoding=\"async\" class=\"aligncenter wp-image-2563\" src=\"http:\/\/goldschmiede-lompe.de\/wp-content\/uploads\/2016\/04\/RauschmayerTrauringe_Logo_tuerkis-1.jpg\" width=\"214\" height=\"113\" srcset=\"http:\/\/goldschmiede-lompe.de\/wp-content\/uploads\/2016\/04\/RauschmayerTrauringe_Logo_tuerkis-1.jpg 2676w, http:\/\/goldschmiede-lompe.de\/wp-content\/uploads\/2016\/04\/RauschmayerTrauringe_Logo_tuerkis-1-300x159.jpg 300w, http:\/\/goldschmiede-lompe.de\/wp-content\/uploads\/2016\/04\/RauschmayerTrauringe_Logo_tuerkis-1-768x406.jpg 768w, http:\/\/goldschmiede-lompe.de\/wp-content\/uploads\/2016\/04\/RauschmayerTrauringe_Logo_tuerkis-1-1024x542.jpg 1024w\" sizes=\"auto, (max-width: 214px) 100vw, 214px\" \/><\/a><\/td>\n<td><a href=\"http:\/\/www.rubingoldschmuck.de\/\" target=\"_blank\" rel=\"noopener noreferrer\"><img loading=\"lazy\" decoding=\"async\" class=\"wp-image-2559 aligncenter\" src=\"http:\/\/goldschmiede-lompe.de\/wp-content\/uploads\/2016\/04\/logo_rubin.gif\" width=\"212\" height=\"111\"><\/a><\/td>\n<td><a href=\"http:\/\/www.titanfactory.com\/841_de\" target=\"_blank\" rel=\"noopener noreferrer\"><img loading=\"lazy\" decoding=\"async\" class=\"aligncenter wp-image-2787 size-full\" src=\"http:\/\/goldschmiede-lompe.de\/wp-content\/uploads\/2018\/02\/Titan-factory.png\" alt=\"\" width=\"140\" height=\"107\"><\/a><\/td>\n<\/tr>\n<\/tbody>\n<\/table>\n<p>ngg_shortcode_0_placeholderEine Braut soll in vollem Glanz strahlen. Bei&nbsp;uns finden Sie passenden Brautschmuck zu Ihrem Trauring!<\/p>\n<p><img loading=\"lazy\" decoding=\"async\" class=\"wp-image-2409 alignleft\" src=\"http:\/\/goldschmiede-lompe.de\/wp-content\/uploads\/2016\/04\/Rubin-Verlobung-e1486040111878.jpg\" width=\"420\" height=\"221\" srcset=\"http:\/\/goldschmiede-lompe.de\/wp-content\/uploads\/2016\/04\/Rubin-Verlobung-e1486040111878.jpg 1241w, http:\/\/goldschmiede-lompe.de\/wp-content\/uploads\/2016\/04\/Rubin-Verlobung-e1486040111878-300x158.jpg 300w, http:\/\/goldschmiede-lompe.de\/wp-content\/uploads\/2016\/04\/Rubin-Verlobung-e1486040111878-768x404.jpg 768w, http:\/\/goldschmiede-lompe.de\/wp-content\/uploads\/2016\/04\/Rubin-Verlobung-e1486040111878-1024x539.jpg 1024w\" sizes=\"auto, (max-width: 420px) 100vw, 420px\" \/>Ein bewusstes &#8222;Ja&#8220;-Sagen, sich einander ein Versprechen geben \u2013 die Verlobung ist ein magischer Moment! Der&nbsp;Heiratsantrag&nbsp;ist einer der sch\u00f6nsten Momente im Leben eines Paares. Daher sollte der&nbsp;Verlobungsring&nbsp;auch etwas ganz Besonderes sein. Ein Antragsring ist das perfekte Schmuckst\u00fcck, um die gemeinsame Liebe&nbsp;mit einem Versprechen f\u00fcr die Zukunft zu besiegeln. Ein meist schlichter Ring mit einem funkelnden Diamanten bringt die gemeinsame Beziehung auf den Punkt. Die zuk\u00fcnftige Braut tr\u00e4gt den Verlobungsring&nbsp;als Pfand der Liebe am Ringfinger der linken Hand \u2013 als Erinnerung, die die Zeit \u00fcberdauert.<\/p>\n<p><img loading=\"lazy\" decoding=\"async\" class=\"wp-image-2423 alignleft\" src=\"http:\/\/goldschmiede-lompe.de\/wp-content\/uploads\/2016\/04\/18012gg3-050ct-1-150x150.jpg\" alt=\"18012gg3-050ct\" width=\"112\" height=\"112\" srcset=\"http:\/\/goldschmiede-lompe.de\/wp-content\/uploads\/2016\/04\/18012gg3-050ct-1-150x150.jpg 150w, http:\/\/goldschmiede-lompe.de\/wp-content\/uploads\/2016\/04\/18012gg3-050ct-1-200x200.jpg 200w\" sizes=\"auto, (max-width: 112px) 100vw, 112px\" \/><img loading=\"lazy\" decoding=\"async\" class=\"wp-image-2425 alignleft\" src=\"http:\/\/goldschmiede-lompe.de\/wp-content\/uploads\/2016\/04\/18015wg3-050ct-150x150.jpg\" alt=\"18015wg3-050ct\" width=\"112\" height=\"112\" srcset=\"http:\/\/goldschmiede-lompe.de\/wp-content\/uploads\/2016\/04\/18015wg3-050ct-150x150.jpg 150w, http:\/\/goldschmiede-lompe.de\/wp-content\/uploads\/2016\/04\/18015wg3-050ct-200x200.jpg 200w\" sizes=\"auto, (max-width: 112px) 100vw, 112px\" \/><img loading=\"lazy\" decoding=\"async\" class=\"wp-image-2419 alignleft\" src=\"http:\/\/goldschmiede-lompe.de\/wp-content\/uploads\/2016\/04\/18002gg3-050ct-150x150.jpg\" alt=\"18002gg3-050ct\" width=\"112\" height=\"112\" srcset=\"http:\/\/goldschmiede-lompe.de\/wp-content\/uploads\/2016\/04\/18002gg3-050ct-150x150.jpg 150w, http:\/\/goldschmiede-lompe.de\/wp-content\/uploads\/2016\/04\/18002gg3-050ct-200x200.jpg 200w\" sizes=\"auto, (max-width: 112px) 100vw, 112px\" \/><\/p>\n<p>&nbsp;<\/p>\n<p>&nbsp;<\/p>\n<p><img loading=\"lazy\" decoding=\"async\" class=\"wp-image-2568 alignright\" src=\"http:\/\/goldschmiede-lompe.de\/wp-content\/uploads\/2016\/04\/partnerringe-silber-00014-1-150x150.jpg\" alt=\"\" width=\"115\" height=\"115\" srcset=\"http:\/\/goldschmiede-lompe.de\/wp-content\/uploads\/2016\/04\/partnerringe-silber-00014-1-150x150.jpg 150w, http:\/\/goldschmiede-lompe.de\/wp-content\/uploads\/2016\/04\/partnerringe-silber-00014-1-300x300.jpg 300w, http:\/\/goldschmiede-lompe.de\/wp-content\/uploads\/2016\/04\/partnerringe-silber-00014-1-200x200.jpg 200w, http:\/\/goldschmiede-lompe.de\/wp-content\/uploads\/2016\/04\/partnerringe-silber-00014-1.jpg 680w\" sizes=\"auto, (max-width: 115px) 100vw, 115px\" \/><\/p>\n<p>&nbsp;<\/p>\n<p>Oft werden Freundschafts- oder Verlobungsringe als Ringpaare gekauft. Im Damenring funkelt entweder ein Zirkonia oder gar ein kleiner Brillant.<\/p>\n<p><strong>Tipps f\u00fcr den perfekte Antrag<\/strong><\/p>\n<ol>\n<li>Der \u00dcberraschungsmoment<\/li>\n<\/ol>\n<p>Planen Sie Ihren Antrag m\u00f6glichst unauff\u00e4llig und weihen Sie nicht mehr als ein oder zwei Personen ein. Denn wenn Ihre Partnerin nicht damit rechnet, wird der Antrag garantiert unvergesslich.<\/p>\n<ol start=\"2\">\n<li>Der perfekte Ort<\/li>\n<\/ol>\n<p>Es muss nicht immer gleich der Eiffelturm oder ein Nobel-Restaurant sein. W\u00e4hlen Sie einen Ort, mit dem Sie etwas Besonderes verbindet, z.B. der Ort Ihres Kennenlernens. Die vertraute Umgebung gibt Ihnen Sicherheit und zeigt, dass Sie sich Gedanken gemacht haben.<\/p>\n<ol start=\"3\">\n<li>Die richtige&nbsp;Ringgr\u00f6\u00dfe<\/li>\n<\/ol>\n<p>Gehen Sie auf Nummer sicher, und finden Sie die Ringgr\u00f6\u00dfe Ihrer Partnerin heraus. Gut zu wissen: Der Verlobungsring geh\u00f6rt an den Ringfinger der linken Hand, einer direkt zum Herzen f\u00fchrenden vena amoris.<\/p>\n<ol start=\"4\">\n<li>Der Antrag<\/li>\n<\/ol>\n<p>Lassen Sie Ihr Herz sprechen. Ein paar Kerzen, das gemeinsame Lieblingslied und eine Flasche Sekt als romantischer Rahmen \u2013 und dann kommen die richtigen Worte ganz von allein.<\/p>\n<p>&nbsp;<\/p>\n<p style=\"text-align: center;\">Titan mit Carbon \u2013 High-Tech in Kombination mit traditioneller Handwerkskunst<\/p>\n<p style=\"text-align: center;\">TANTAL \u2013 die Entdeckung f\u00fcr die Liebe<\/p>\n<p style=\"text-align: left;\"><a href=\"http:\/\/goldschmiede-lompe.de\/wp-content\/uploads\/2018\/02\/Tantal1.jpg\"><img loading=\"lazy\" decoding=\"async\" class=\"aligncenter wp-image-2783 size-full\" src=\"http:\/\/goldschmiede-lompe.de\/wp-content\/uploads\/2018\/02\/Tantal1.jpg\" sizes=\"auto, (max-width: 856px) 100vw, 856px\" srcset=\"http:\/\/goldschmiede-lompe.de\/wp-content\/uploads\/2018\/02\/Tantal1.jpg 856w, http:\/\/goldschmiede-lompe.de\/wp-content\/uploads\/2018\/02\/Tantal1-300x110.jpg 300w, http:\/\/goldschmiede-lompe.de\/wp-content\/uploads\/2018\/02\/Tantal1-768x282.jpg 768w\" alt=\"\" width=\"856\" height=\"314\"><\/a>Die G\u00f6tter m\u00fcssen verr\u00fcckt gewesen sein, als sie Tantalos zum Gastmahl luden. Der Sohn ihres obersten Herrschers konnte sich nicht benehmen \u2013 und Zeus erz\u00fcrnte. Schickte Blitz und Donner ins Reich des Tantalos. So erz\u00e4hlt es uns die Legende.So \u00e4hnlich k\u00f6nnte auch Tantal entstanden sein \u2013&nbsp;<strong>das seltenste Metall unseres Sonnensystems<\/strong>. TANTAL ist wie geschaffen f\u00fcr au\u00dfergew\u00f6hnliche Trauringe. F\u00fcr Menschen, die etwas \u00e4u\u00dferst Seltenes gefunden haben: das gro\u00dfe Liebesgl\u00fcck.<\/p>\n<p>&nbsp;<\/p>\n","protected":false},"excerpt":{"rendered":"<p>Der sch\u00f6nste Moment im Leben eines jeden Paares ist zweifelsfrei die Hochzeit und gleichzeitig der Beginn ihres gemeinsamen Lebens. Ein Versprechen f\u00fcr die Zukunft, das seinen perfekten Ausdruck durch&nbsp;Eheringe&nbsp;findet. Der Trauring ist das \u00e4u\u00dfere Zeichen <a class=\"more-link\" href=\"http:\/\/goldschmiede-lompe.de\/index.php\/trauringe-verlobung\/\">weiterlesen&#8230;<\/a><\/p>\n","protected":false},"author":1,"featured_media":975,"parent":0,"menu_order":0,"comment_status":"closed","ping_status":"closed","template":"","meta":{"ngg_post_thumbnail":0,"footnotes":""},"class_list":["post-161","page","type-page","status-publish","has-post-thumbnail","hentry"],"_links":{"self":[{"href":"http:\/\/goldschmiede-lompe.de\/index.php\/wp-json\/wp\/v2\/pages\/161","targetHints":{"allow":["GET"]}}],"collection":[{"href":"http:\/\/goldschmiede-lompe.de\/index.php\/wp-json\/wp\/v2\/pages"}],"about":[{"href":"http:\/\/goldschmiede-lompe.de\/index.php\/wp-json\/wp\/v2\/types\/page"}],"author":[{"embeddable":true,"href":"http:\/\/goldschmiede-lompe.de\/index.php\/wp-json\/wp\/v2\/users\/1"}],"replies":[{"embeddable":true,"href":"http:\/\/goldschmiede-lompe.de\/index.php\/wp-json\/wp\/v2\/comments?post=161"}],"version-history":[{"count":113,"href":"http:\/\/goldschmiede-lompe.de\/index.php\/wp-json\/wp\/v2\/pages\/161\/revisions"}],"predecessor-version":[{"id":3305,"href":"http:\/\/goldschmiede-lompe.de\/index.php\/wp-json\/wp\/v2\/pages\/161\/revisions\/3305"}],"wp:featuredmedia":[{"embeddable":true,"href":"http:\/\/goldschmiede-lompe.de\/index.php\/wp-json\/wp\/v2\/media\/975"}],"wp:attachment":[{"href":"http:\/\/goldschmiede-lompe.de\/index.php\/wp-json\/wp\/v2\/media?parent=161"}],"curies":[{"name":"wp","href":"https:\/\/api.w.org\/{rel}","templated":true}]}}