{"id":2,"date":"2016-04-06T19:26:52","date_gmt":"2016-04-06T17:26:52","guid":{"rendered":"http:\/\/neueseite.goldschmiede-lompe.de\/?page_id=2"},"modified":"2024-09-13T15:05:20","modified_gmt":"2024-09-13T13:05:20","slug":"startseite","status":"publish","type":"page","link":"http:\/\/goldschmiede-lompe.de\/","title":{"rendered":""},"content":{"rendered":"\n\n\n<figure class=\"wp-block-image size-large\"><img loading=\"lazy\" decoding=\"async\" width=\"1024\" height=\"365\" src=\"http:\/\/goldschmiede-lompe.de\/wp-content\/uploads\/2023\/10\/Lompe-90-Jahre-1-1024x365.png\" alt=\"\" class=\"wp-image-3460\" srcset=\"http:\/\/goldschmiede-lompe.de\/wp-content\/uploads\/2023\/10\/Lompe-90-Jahre-1-1024x365.png 1024w, http:\/\/goldschmiede-lompe.de\/wp-content\/uploads\/2023\/10\/Lompe-90-Jahre-1-300x107.png 300w, http:\/\/goldschmiede-lompe.de\/wp-content\/uploads\/2023\/10\/Lompe-90-Jahre-1-768x274.png 768w, http:\/\/goldschmiede-lompe.de\/wp-content\/uploads\/2023\/10\/Lompe-90-Jahre-1-1536x548.png 1536w, http:\/\/goldschmiede-lompe.de\/wp-content\/uploads\/2023\/10\/Lompe-90-Jahre-1-2048x730.png 2048w\" sizes=\"auto, (max-width: 1024px) 100vw, 1024px\" \/><\/figure>\n\n\n\n<p style=\"text-align: center;\">&nbsp;<\/p>\n<p>&nbsp;<\/p>\n\n\n\n<p><\/p>\n\n\n\n<p><span class=\"xr_tl xr_s4\">Erfahren Sie mehr&nbsp;\u00fcber unseren <a href=\"http:\/\/goldschmiede-lompe.de\/index.php\/ueber-uns\/\">Familienbetrieb<\/a>, der seit 1933 in S\u00f6mmerda ans\u00e4ssig ist. Im Oktober 2023 feierten wir unser 90 j\u00e4hriges Bestehen. Verschaffen Sie sich einen \u00dcberblick \u00fcber unser Sortiment&nbsp;und st\u00f6bern Sie durch&nbsp;unser <a href=\"http:\/\/goldschmiede-lompe.de\/index.php\/warenangebot\/\">Warenangebot<\/a>.&nbsp;In unserer Goldschmiede f\u00fchren wir Neuanfertigungen, Umarbeitungen,&nbsp;Reparaturen und Gravurarbeiten durch. Au\u00dferdem verf\u00fcgen wir \u00fcber ein&nbsp;reichhaltiges Angebot an <a href=\"http:\/\/goldschmiede-lompe.de\/index.php\/trauringe-verlobung\/\">Trauringen<\/a> der Firmen Rauschmayer, Rubin, Gebr. Nowotny und Titan<em>Factory<\/em>.&nbsp;Unsere Partner im <a href=\"http:\/\/goldschmiede-lompe.de\/index.php\/uhren\/\">Uhrensegment<\/a> sind die Firmen Storm, Adora, Rolf Cremer, Ruhla\/Garde, Junkers, Rosefield, Kerbholz, Marea sowie Casio.&nbsp;Wir kaufen Ihr Gold an&nbsp;&#8211; sprechen Sie mit uns &#8211; Sie erhalten sofort Bargeld. Gerne beraten wir Sie in unserem Fachgesch\u00e4ft in <a href=\"http:\/\/goldschmiede-lompe.de\/index.php\/kontakt\/\">S\u00f6mmerda<\/a>.&nbsp;<\/span><\/p>\n\n\n","protected":false},"excerpt":{"rendered":"<p>&nbsp; &nbsp; Erfahren Sie mehr&nbsp;\u00fcber unseren Familienbetrieb, der seit 1933 in S\u00f6mmerda ans\u00e4ssig ist. Im Oktober 2023 feierten wir unser 90 j\u00e4hriges Bestehen. Verschaffen Sie sich einen \u00dcberblick \u00fcber unser Sortiment&nbsp;und st\u00f6bern Sie durch&nbsp;unser Warenangebot.&nbsp;In <a class=\"more-link\" href=\"http:\/\/goldschmiede-lompe.de\/\">weiterlesen&#8230;<\/a><\/p>\n","protected":false},"author":1,"featured_media":0,"parent":0,"menu_order":1,"comment_status":"closed","ping_status":"closed","template":"","meta":{"ngg_post_thumbnail":0,"footnotes":""},"class_list":["post-2","page","type-page","status-publish","hentry"],"_links":{"self":[{"href":"http:\/\/goldschmiede-lompe.de\/index.php\/wp-json\/wp\/v2\/pages\/2","targetHints":{"allow":["GET"]}}],"collection":[{"href":"http:\/\/goldschmiede-lompe.de\/index.php\/wp-json\/wp\/v2\/pages"}],"about":[{"href":"http:\/\/goldschmiede-lompe.de\/index.php\/wp-json\/wp\/v2\/types\/page"}],"author":[{"embeddable":true,"href":"http:\/\/goldschmiede-lompe.de\/index.php\/wp-json\/wp\/v2\/users\/1"}],"replies":[{"embeddable":true,"href":"http:\/\/goldschmiede-lompe.de\/index.php\/wp-json\/wp\/v2\/comments?post=2"}],"version-history":[{"count":156,"href":"http:\/\/goldschmiede-lompe.de\/index.php\/wp-json\/wp\/v2\/pages\/2\/revisions"}],"predecessor-version":[{"id":3483,"href":"http:\/\/goldschmiede-lompe.de\/index.php\/wp-json\/wp\/v2\/pages\/2\/revisions\/3483"}],"wp:attachment":[{"href":"http:\/\/goldschmiede-lompe.de\/index.php\/wp-json\/wp\/v2\/media?parent=2"}],"curies":[{"name":"wp","href":"https:\/\/api.w.org\/{rel}","templated":true}]}}