{"id":2527,"date":"2017-02-03T14:56:25","date_gmt":"2017-02-03T13:56:25","guid":{"rendered":"http:\/\/goldschmiede-lompe.de\/?page_id=2527"},"modified":"2024-01-03T11:34:47","modified_gmt":"2024-01-03T10:34:47","slug":"kontakt-2","status":"publish","type":"page","link":"http:\/\/goldschmiede-lompe.de\/index.php\/kontakt-2\/","title":{"rendered":"Kontakt"},"content":{"rendered":"<p style=\"text-align: justify;\">F\u00fcr Fragen oder Anregungen nutzen Sie bitte unser Kontaktformular:<\/p>\n\n<div class=\"wpcf7 no-js\" id=\"wpcf7-f691-o1\" lang=\"de-DE\" dir=\"ltr\" data-wpcf7-id=\"691\">\n<div class=\"screen-reader-response\"><p role=\"status\" aria-live=\"polite\" aria-atomic=\"true\"><\/p> <ul><\/ul><\/div>\n<form action=\"\/index.php\/wp-json\/wp\/v2\/pages\/2527#wpcf7-f691-o1\" method=\"post\" class=\"wpcf7-form init\" aria-label=\"Kontaktformular\" novalidate=\"novalidate\" data-status=\"init\">\n<fieldset class=\"hidden-fields-container\"><input type=\"hidden\" name=\"_wpcf7\" value=\"691\" \/><input type=\"hidden\" name=\"_wpcf7_version\" value=\"6.1.5\" \/><input type=\"hidden\" name=\"_wpcf7_locale\" value=\"de_DE\" \/><input type=\"hidden\" name=\"_wpcf7_unit_tag\" value=\"wpcf7-f691-o1\" \/><input type=\"hidden\" name=\"_wpcf7_container_post\" value=\"0\" \/><input type=\"hidden\" name=\"_wpcf7_posted_data_hash\" value=\"\" \/>\n<\/fieldset>\n<p>Dein Name (Pflichtfeld)\n<\/p>\n<p><span class=\"wpcf7-form-control-wrap\" data-name=\"your-name\"><input size=\"40\" maxlength=\"400\" class=\"wpcf7-form-control wpcf7-text wpcf7-validates-as-required\" aria-required=\"true\" aria-invalid=\"false\" value=\"\" type=\"text\" name=\"your-name\" \/><\/span>\n<\/p>\n<p>Deine E-Mail-Adresse (Pflichtfeld)\n<\/p>\n<p><span class=\"wpcf7-form-control-wrap\" data-name=\"your-email\"><input size=\"40\" maxlength=\"400\" class=\"wpcf7-form-control wpcf7-email wpcf7-validates-as-required wpcf7-text wpcf7-validates-as-email\" aria-required=\"true\" aria-invalid=\"false\" value=\"\" type=\"email\" name=\"your-email\" \/><\/span>\n<\/p>\n<p>Betreff\n<\/p>\n<p><span class=\"wpcf7-form-control-wrap\" data-name=\"your-subject\"><input size=\"40\" maxlength=\"400\" class=\"wpcf7-form-control wpcf7-text\" aria-invalid=\"false\" value=\"\" type=\"text\" name=\"your-subject\" \/><\/span>\n<\/p>\n<p>Deine Nachricht\n<\/p>\n<p><span class=\"wpcf7-form-control-wrap\" data-name=\"your-message\"><textarea cols=\"40\" rows=\"10\" maxlength=\"2000\" class=\"wpcf7-form-control wpcf7-textarea\" aria-invalid=\"false\" name=\"your-message\"><\/textarea><\/span>\n<\/p>\n<p><input class=\"wpcf7-form-control wpcf7-submit has-spinner\" type=\"submit\" value=\"Senden\" \/>\n<\/p>\n<p>[recaptcha size:compact]\n<\/p>\n<p>[recaptcha id:foo class:bar]\n<\/p><div class=\"wpcf7-response-output\" aria-hidden=\"true\"><\/div>\n<\/form>\n<\/div>\n\n<p><span class=\"xr_tj Normaler_Text\">Unsere Goldschmiede befindet sich zentral in der Innenstadt S\u00f6mmerdas. Sie finden&nbsp;<\/span><span class=\"xr_tj Normaler_Text\">uns in der Langen Stra\u00dfe 12, gleich neben der Kreuzung zum B\u00fcrgergarten mit Parkm\u00f6glichkeiten direkt vor dem Gesch\u00e4ft. <\/span><span class=\"xr_tj Normaler_Text\">Die nahe gelegenen Parkpl\u00e4tze&nbsp;<\/span><span class=\"xr_tj Normaler_Text\">in der Kurzen Gasse und am Rohrhammerweg sind zu Fu\u00df in f\u00fcnf Minuten von unserem Gesch\u00e4ft aus erreichbar und bieten einen guten Ausgangspunkt f\u00fcr einen Bummel durch die Innenstadt S\u00f6mmerdas.<\/span><\/p>\n<h5><strong><span class=\"xr_tj Normaler_Text\">Unsere \u00d6ffnungszeiten sind:<\/span><\/strong><\/h5>\n<ul>\n<li>Montag bis Freitag von 9.30 bis 18.00 Uhr<\/li>\n<li>Samstag geschlossen, Termine nach tel. Vereinbarung m\u00f6glich<\/li>\n<li>Au\u00dferhalb dieser Zeiten sind Termine nach Vereinbarung m\u00f6glich&nbsp;<\/li>\n<\/ul>\n<h5><strong>Hier finden Sie uns<\/strong><\/h5>\n<p><iframe loading=\"lazy\" style=\"border: 0;\" src=\"https:\/\/www.google.com\/maps\/embed?pb=!1m18!1m12!1m3!1d2502.1883628115206!2d11.116419915757241!3d51.1603166795796!2m3!1f0!2f0!3f0!3m2!1i1024!2i768!4f13.1!3m3!1m2!1s0x0%3A0x276276211abf199!2sGoldschmiede+Lompe!5e0!3m2!1sde!2sus!4v1486071233552\" width=\"600\" height=\"450\" frameborder=\"0\" allowfullscreen=\"allowfullscreen\"><\/iframe><\/p>\n\n","protected":false},"excerpt":{"rendered":"<p>F\u00fcr Fragen oder Anregungen nutzen Sie bitte unser Kontaktformular: Unsere Goldschmiede befindet sich zentral in der Innenstadt S\u00f6mmerdas. Sie finden&nbsp;uns in der Langen Stra\u00dfe 12, gleich neben der Kreuzung zum B\u00fcrgergarten mit Parkm\u00f6glichkeiten direkt vor <a class=\"more-link\" href=\"http:\/\/goldschmiede-lompe.de\/index.php\/kontakt-2\/\">weiterlesen&#8230;<\/a><\/p>\n","protected":false},"author":1,"featured_media":0,"parent":0,"menu_order":0,"comment_status":"closed","ping_status":"closed","template":"","meta":{"ngg_post_thumbnail":0,"footnotes":""},"class_list":["post-2527","page","type-page","status-publish","hentry"],"_links":{"self":[{"href":"http:\/\/goldschmiede-lompe.de\/index.php\/wp-json\/wp\/v2\/pages\/2527","targetHints":{"allow":["GET"]}}],"collection":[{"href":"http:\/\/goldschmiede-lompe.de\/index.php\/wp-json\/wp\/v2\/pages"}],"about":[{"href":"http:\/\/goldschmiede-lompe.de\/index.php\/wp-json\/wp\/v2\/types\/page"}],"author":[{"embeddable":true,"href":"http:\/\/goldschmiede-lompe.de\/index.php\/wp-json\/wp\/v2\/users\/1"}],"replies":[{"embeddable":true,"href":"http:\/\/goldschmiede-lompe.de\/index.php\/wp-json\/wp\/v2\/comments?post=2527"}],"version-history":[{"count":12,"href":"http:\/\/goldschmiede-lompe.de\/index.php\/wp-json\/wp\/v2\/pages\/2527\/revisions"}],"predecessor-version":[{"id":3471,"href":"http:\/\/goldschmiede-lompe.de\/index.php\/wp-json\/wp\/v2\/pages\/2527\/revisions\/3471"}],"wp:attachment":[{"href":"http:\/\/goldschmiede-lompe.de\/index.php\/wp-json\/wp\/v2\/media?parent=2527"}],"curies":[{"name":"wp","href":"https:\/\/api.w.org\/{rel}","templated":true}]}}