{"id":730,"date":"2016-04-11T15:04:42","date_gmt":"2016-04-11T13:04:42","guid":{"rendered":"http:\/\/neueseite.goldschmiede-lompe.de\/?page_id=730"},"modified":"2021-05-04T16:25:30","modified_gmt":"2021-05-04T14:25:30","slug":"uhren","status":"publish","type":"page","link":"http:\/\/goldschmiede-lompe.de\/index.php\/uhren\/","title":{"rendered":"Uhren"},"content":{"rendered":"<p style=\"text-align: justify;\"><span class=\"xr_tj Normaler_Text\">Bitte sch\u00e4tzen Sie die Uhren wert und halten Sie sie in Ehren, denn wir haben sie mit viel Leidenschaft&nbsp;<\/span><span class=\"xr_tj Normaler_Text\">gestaltet und mit gro\u00dfer Sorgfalt herstellen lassen. Wir lieben unsere Uhren und m\u00f6chten, dass sie&nbsp;<\/span><span class=\"xr_tl Normaler_Text\">in gute H\u00e4nde &#8211; nat\u00fcrlich: an gute Arme &#8211; kommen.&nbsp;<\/span><span class=\"xr_tj Normaler_Text\">Den \u00e4u\u00dferen Qualit\u00e4ten stehen&nbsp; die inneren in nichts nach: die Geh\u00e4use aus allergieneutralem&nbsp;<\/span><span class=\"xr_tl Normaler_Text\">Edelstahl oder Titan, <\/span><span class=\"xr_tl Normaler_Text\">die Qualit\u00e4tsuhrwerke von weltweit f\u00fchrenden Herstellern.<\/span><\/p>\n<p style=\"text-align: justify;\"><img loading=\"lazy\" decoding=\"async\" class=\"wp-image-2742 aligncenter\" style=\"font-size: 13px; text-align: start;\" src=\"http:\/\/goldschmiede-lompe.de\/wp-content\/uploads\/2016\/04\/kerbholz.jpg\" alt=\"\" width=\"741\" height=\"155\" srcset=\"http:\/\/goldschmiede-lompe.de\/wp-content\/uploads\/2016\/04\/kerbholz.jpg 727w, http:\/\/goldschmiede-lompe.de\/wp-content\/uploads\/2016\/04\/kerbholz-300x63.jpg 300w\" sizes=\"auto, (max-width: 741px) 100vw, 741px\" \/><\/p>\n<p>&nbsp;<\/p>\n<p style=\"text-align: justify;\">Unsere Partner:<\/p>\n<table>\n<tbody>\n<tr>\n<td><a href=\"https:\/\/www.youtube.com\/watch?v=1bYJPPQMHEM\" target=\"_blank\" rel=\"noopener noreferrer\"><img loading=\"lazy\" decoding=\"async\" class=\"aligncenter wp-image-2734\" src=\"http:\/\/goldschmiede-lompe.de\/wp-content\/uploads\/2016\/04\/logo-kerbholz.gif\" alt=\"\" width=\"102\" height=\"102\"><\/a><\/td>\n<td><a href=\"http:\/\/www.engelkemper.de\/\" target=\"_blank\" rel=\"noopener noreferrer\"><img loading=\"lazy\" decoding=\"async\" class=\"aligncenter wp-image-2630\" src=\"http:\/\/goldschmiede-lompe.de\/wp-content\/uploads\/2016\/04\/Adora.jpg\" alt=\"\" width=\"159\" height=\"32\" srcset=\"http:\/\/goldschmiede-lompe.de\/wp-content\/uploads\/2016\/04\/Adora.jpg 317w, http:\/\/goldschmiede-lompe.de\/wp-content\/uploads\/2016\/04\/Adora-300x61.jpg 300w\" sizes=\"auto, (max-width: 159px) 100vw, 159px\" \/><\/a><\/td>\n<td><a href=\"https:\/\/shop.junkers.de\/uhren\/?gclid=EAIaIQobChMI3pDF35rr6wIVKIBQBh38jwszEAAYASAAEgK94fD_BwE\" target=\"_blank\" rel=\"noopener noreferrer\"><img loading=\"lazy\" decoding=\"async\" class=\"aligncenter wp-image-2605\" src=\"http:\/\/goldschmiede-lompe.de\/wp-content\/uploads\/2016\/04\/jlogo1tb1.png\" alt=\"\" width=\"105\" height=\"86\"><\/a><\/td>\n<\/tr>\n<tr>\n<td><a href=\"https:\/\/www.youtube.com\/watch?v=UWFtOFVXtro\" target=\"_blank\" rel=\"noopener noreferrer\"><img loading=\"lazy\" decoding=\"async\" class=\"aligncenter wp-image-1123\" src=\"http:\/\/goldschmiede-lompe.de\/wp-content\/uploads\/2016\/04\/Storm-150x150.png\" alt=\"\" width=\"89\" height=\"89\" srcset=\"http:\/\/goldschmiede-lompe.de\/wp-content\/uploads\/2016\/04\/Storm-150x150.png 150w, http:\/\/goldschmiede-lompe.de\/wp-content\/uploads\/2016\/04\/Storm-300x300.png 300w, http:\/\/goldschmiede-lompe.de\/wp-content\/uploads\/2016\/04\/Storm-200x200.png 200w, http:\/\/goldschmiede-lompe.de\/wp-content\/uploads\/2016\/04\/Storm.png 600w\" sizes=\"auto, (max-width: 89px) 100vw, 89px\" \/><\/a><\/td>\n<td><a href=\"http:\/\/goldschmiede-lompe.de\/wp-content\/uploads\/2020\/09\/umr-1.png\" target=\"_blank\" rel=\"noopener noreferrer\"><img loading=\"lazy\" decoding=\"async\" class=\"aligncenter wp-image-3116 \" src=\"http:\/\/goldschmiede-lompe.de\/wp-content\/uploads\/2020\/09\/umr-1.png\" alt=\"\" width=\"161\" height=\"46\" srcset=\"http:\/\/goldschmiede-lompe.de\/wp-content\/uploads\/2020\/09\/umr-1.png 511w, http:\/\/goldschmiede-lompe.de\/wp-content\/uploads\/2020\/09\/umr-1-300x86.png 300w\" sizes=\"auto, (max-width: 161px) 100vw, 161px\" \/><\/a><\/td>\n<td><a href=\"http:\/\/www.rolf-cremer.de\/\" target=\"_blank\" rel=\"noopener noreferrer\"><img loading=\"lazy\" decoding=\"async\" class=\"aligncenter wp-image-2708\" src=\"http:\/\/goldschmiede-lompe.de\/wp-content\/uploads\/2016\/04\/cremer.gif\" alt=\"\" width=\"178\" height=\"45\"><\/a><\/td>\n<\/tr>\n<tr>\n<td><img loading=\"lazy\" decoding=\"async\" class=\"wp-image-2606 aligncenter\" style=\"font-size: 16px;\" src=\"http:\/\/goldschmiede-lompe.de\/wp-content\/uploads\/2016\/04\/Casio_black_highres.jpg\" alt=\"\" width=\"159\" height=\"33\" srcset=\"http:\/\/goldschmiede-lompe.de\/wp-content\/uploads\/2016\/04\/Casio_black_highres.jpg 728w, http:\/\/goldschmiede-lompe.de\/wp-content\/uploads\/2016\/04\/Casio_black_highres-300x62.jpg 300w\" sizes=\"auto, (max-width: 159px) 100vw, 159px\" \/><\/td>\n<td><a href=\"https:\/\/www.pointtec.de\/ironannie\/de\/\" target=\"_blank\" rel=\"noopener noreferrer\"><img loading=\"lazy\" decoding=\"async\" class=\"aligncenter wp-image-3119 size-full\" src=\"http:\/\/goldschmiede-lompe.de\/wp-content\/uploads\/2020\/09\/Iron-Anni.png\" alt=\"\" width=\"148\" height=\"79\"><\/a><\/td>\n<td><img loading=\"lazy\" decoding=\"async\" class=\"aligncenter wp-image-2750\" src=\"http:\/\/goldschmiede-lompe.de\/wp-content\/uploads\/2016\/04\/Rosefield-Logo.jpg\" alt=\"\" width=\"184\" height=\"83\" srcset=\"http:\/\/goldschmiede-lompe.de\/wp-content\/uploads\/2016\/04\/Rosefield-Logo.jpg 820w, http:\/\/goldschmiede-lompe.de\/wp-content\/uploads\/2016\/04\/Rosefield-Logo-300x135.jpg 300w, http:\/\/goldschmiede-lompe.de\/wp-content\/uploads\/2016\/04\/Rosefield-Logo-768x345.jpg 768w\" sizes=\"auto, (max-width: 184px) 100vw, 184px\" \/><\/td>\n<\/tr>\n<\/tbody>\n<\/table>\n<p>&nbsp;<\/p>\n<p>&nbsp;<\/p>\n\n","protected":false},"excerpt":{"rendered":"<p>Bitte sch\u00e4tzen Sie die Uhren wert und halten Sie sie in Ehren, denn wir haben sie mit viel Leidenschaft&nbsp;gestaltet und mit gro\u00dfer Sorgfalt herstellen lassen. Wir lieben unsere Uhren und m\u00f6chten, dass sie&nbsp;in gute H\u00e4nde <a class=\"more-link\" href=\"http:\/\/goldschmiede-lompe.de\/index.php\/uhren\/\">weiterlesen&#8230;<\/a><\/p>\n","protected":false},"author":1,"featured_media":2743,"parent":0,"menu_order":0,"comment_status":"closed","ping_status":"closed","template":"","meta":{"ngg_post_thumbnail":0,"footnotes":""},"class_list":["post-730","page","type-page","status-publish","has-post-thumbnail","hentry"],"_links":{"self":[{"href":"http:\/\/goldschmiede-lompe.de\/index.php\/wp-json\/wp\/v2\/pages\/730","targetHints":{"allow":["GET"]}}],"collection":[{"href":"http:\/\/goldschmiede-lompe.de\/index.php\/wp-json\/wp\/v2\/pages"}],"about":[{"href":"http:\/\/goldschmiede-lompe.de\/index.php\/wp-json\/wp\/v2\/types\/page"}],"author":[{"embeddable":true,"href":"http:\/\/goldschmiede-lompe.de\/index.php\/wp-json\/wp\/v2\/users\/1"}],"replies":[{"embeddable":true,"href":"http:\/\/goldschmiede-lompe.de\/index.php\/wp-json\/wp\/v2\/comments?post=730"}],"version-history":[{"count":51,"href":"http:\/\/goldschmiede-lompe.de\/index.php\/wp-json\/wp\/v2\/pages\/730\/revisions"}],"predecessor-version":[{"id":3124,"href":"http:\/\/goldschmiede-lompe.de\/index.php\/wp-json\/wp\/v2\/pages\/730\/revisions\/3124"}],"wp:featuredmedia":[{"embeddable":true,"href":"http:\/\/goldschmiede-lompe.de\/index.php\/wp-json\/wp\/v2\/media\/2743"}],"wp:attachment":[{"href":"http:\/\/goldschmiede-lompe.de\/index.php\/wp-json\/wp\/v2\/media?parent=730"}],"curies":[{"name":"wp","href":"https:\/\/api.w.org\/{rel}","templated":true}]}}