{"id":769,"date":"2016-04-11T18:29:37","date_gmt":"2016-04-11T16:29:37","guid":{"rendered":"http:\/\/neueseite.goldschmiede-lompe.de\/?page_id=769"},"modified":"2024-01-03T13:22:03","modified_gmt":"2024-01-03T12:22:03","slug":"service-und-leistungen","status":"publish","type":"page","link":"http:\/\/goldschmiede-lompe.de\/index.php\/service-und-leistungen\/","title":{"rendered":"Service und Leistungen"},"content":{"rendered":"<p><strong>Hinweise zur Pflege Ihres Schmuckes:<\/strong><\/p>\n<ul>\n<li>Seien Sie r\u00fccksichtsvoll und legen Sie Ihren Schmuck bei der Haus- und Gartenarbeit sowie&nbsp;beim Sport ab<\/li>\n<li>Direkten Kontakt mit Reinigungsmitteln, spitzen Gegenst\u00e4nden, verschwitzter&nbsp;Haut und Chlor hat niemand gern, Ihr Schmuck erst recht nicht<\/li>\n<li>Legen Sie den Schmuck erst an, wenn Sie fertig geschminkt und frisiert sind, auch wenn uns&nbsp;Cremes, Haarspray, Deodorant und Parfum glanzvolle Auftritte verschaffen, lassen sie den&nbsp;Schmuck ermatten.<\/li>\n<li>Verzichten Sie darauf den Schmuck im Salzwasser zu tragen. Denn nach einer Runde im Meer&nbsp;strahlen nur Sie, nicht Ihr Schmuck.<\/li>\n<\/ul>\n<p>Legen Sie abends jedes Schmuckst\u00fcck in ein Schmuckk\u00e4stchen und g\u00f6nnen Sie ihm seine&nbsp;wohlverdiente Nachtruhe.<\/p>\n<p><strong><img loading=\"lazy\" decoding=\"async\" class=\"alignright wp-image-1916\" src=\"http:\/\/neueseite.goldschmiede-lompe.de\/wp-content\/uploads\/2016\/04\/DSC05436-150x150.jpg\" width=\"200\" height=\"200\" srcset=\"http:\/\/goldschmiede-lompe.de\/wp-content\/uploads\/2016\/04\/DSC05436-150x150.jpg 150w, http:\/\/goldschmiede-lompe.de\/wp-content\/uploads\/2016\/04\/DSC05436-200x200.jpg 200w\" sizes=\"auto, (max-width: 200px) 100vw, 200px\" \/>Unser Schmuck- &amp; Uhrenservice<\/strong><\/p>\n<ul>\n<li><a href=\"https:\/\/www.studex.de\/\" target=\"_blank\" rel=\"noopener noreferrer\">Ohrlochstechen<\/a> pro Paar ab 24 Euro<\/li>\n<li>Anfertigung von Schmuckst\u00fccken<\/li>\n<li>Umarbeitung, Reparatur und Aufarbeitung von Schmuckst\u00fccken<\/li>\n<li>Aufreihen von Perlenketten und Perlenarmb\u00e4nder<\/li>\n<li>Batteriewechsel<\/li>\n<li>Uhrenarmbandservice<\/li>\n<\/ul>\n<div id=\"attachment_1914\" style=\"width: 160px\" class=\"wp-caption alignleft\"><img loading=\"lazy\" decoding=\"async\" aria-describedby=\"caption-attachment-1914\" class=\"wp-image-1914 size-thumbnail\" src=\"http:\/\/neueseite.goldschmiede-lompe.de\/wp-content\/uploads\/2016\/04\/gold-163519_1280-150x150.jpg\" alt=\"gold\" width=\"150\" height=\"150\" srcset=\"http:\/\/goldschmiede-lompe.de\/wp-content\/uploads\/2016\/04\/gold-163519_1280-150x150.jpg 150w, http:\/\/goldschmiede-lompe.de\/wp-content\/uploads\/2016\/04\/gold-163519_1280-200x200.jpg 200w\" sizes=\"auto, (max-width: 150px) 100vw, 150px\" \/><p id=\"caption-attachment-1914\" class=\"wp-caption-text\">Gold- &amp; Silberankauf<\/p><\/div>\n<div id=\"attachment_1912\" style=\"width: 160px\" class=\"wp-caption alignleft\"><img loading=\"lazy\" decoding=\"async\" aria-describedby=\"caption-attachment-1912\" class=\"wp-image-1912 size-thumbnail\" src=\"http:\/\/neueseite.goldschmiede-lompe.de\/wp-content\/uploads\/2016\/04\/document-428338_1920-150x150.jpg\" width=\"150\" height=\"150\" srcset=\"http:\/\/goldschmiede-lompe.de\/wp-content\/uploads\/2016\/04\/document-428338_1920-150x150.jpg 150w, http:\/\/goldschmiede-lompe.de\/wp-content\/uploads\/2016\/04\/document-428338_1920-200x200.jpg 200w\" sizes=\"auto, (max-width: 150px) 100vw, 150px\" \/><p id=\"caption-attachment-1912\" class=\"wp-caption-text\">Wertgutachten<\/p><\/div>\n<p>&nbsp;<\/p>\n","protected":false},"excerpt":{"rendered":"<p>Hinweise zur Pflege Ihres Schmuckes: Seien Sie r\u00fccksichtsvoll und legen Sie Ihren Schmuck bei der Haus- und Gartenarbeit sowie&nbsp;beim Sport ab Direkten Kontakt mit Reinigungsmitteln, spitzen Gegenst\u00e4nden, verschwitzter&nbsp;Haut und Chlor hat niemand gern, Ihr Schmuck <a class=\"more-link\" href=\"http:\/\/goldschmiede-lompe.de\/index.php\/service-und-leistungen\/\">weiterlesen&#8230;<\/a><\/p>\n","protected":false},"author":1,"featured_media":788,"parent":0,"menu_order":0,"comment_status":"closed","ping_status":"closed","template":"","meta":{"ngg_post_thumbnail":0,"footnotes":""},"class_list":["post-769","page","type-page","status-publish","has-post-thumbnail","hentry"],"_links":{"self":[{"href":"http:\/\/goldschmiede-lompe.de\/index.php\/wp-json\/wp\/v2\/pages\/769","targetHints":{"allow":["GET"]}}],"collection":[{"href":"http:\/\/goldschmiede-lompe.de\/index.php\/wp-json\/wp\/v2\/pages"}],"about":[{"href":"http:\/\/goldschmiede-lompe.de\/index.php\/wp-json\/wp\/v2\/types\/page"}],"author":[{"embeddable":true,"href":"http:\/\/goldschmiede-lompe.de\/index.php\/wp-json\/wp\/v2\/users\/1"}],"replies":[{"embeddable":true,"href":"http:\/\/goldschmiede-lompe.de\/index.php\/wp-json\/wp\/v2\/comments?post=769"}],"version-history":[{"count":36,"href":"http:\/\/goldschmiede-lompe.de\/index.php\/wp-json\/wp\/v2\/pages\/769\/revisions"}],"predecessor-version":[{"id":3472,"href":"http:\/\/goldschmiede-lompe.de\/index.php\/wp-json\/wp\/v2\/pages\/769\/revisions\/3472"}],"wp:featuredmedia":[{"embeddable":true,"href":"http:\/\/goldschmiede-lompe.de\/index.php\/wp-json\/wp\/v2\/media\/788"}],"wp:attachment":[{"href":"http:\/\/goldschmiede-lompe.de\/index.php\/wp-json\/wp\/v2\/media?parent=769"}],"curies":[{"name":"wp","href":"https:\/\/api.w.org\/{rel}","templated":true}]}}